{"id":1392,"date":"2018-05-21T14:35:33","date_gmt":"2018-05-21T13:35:33","guid":{"rendered":"http:\/\/www.mgv-rulle.de\/wp\/?page_id=1392"},"modified":"2018-10-12T11:52:28","modified_gmt":"2018-10-12T10:52:28","slug":"datenschutz","status":"publish","type":"page","link":"https:\/\/www.mgv-rulle.de\/wp\/?page_id=1392","title":{"rendered":"Datenschutzerkl\u00e4rung"},"content":{"rendered":"<div id=\"ts-muster-generator-titelcontent-64\" class=\"ts-muster-generator-titelcontent\">\n<h3 id=\"dsg-controller-input\">Verantwortlicher<\/h3>\n<p><span id=\"ts-muster-controller-input-preview\" class=\"preview\">Der Vorstand \/ MGV C\u00e4cilia Rulle<br \/>\nG\u00fcnter Rahe<br \/>\nAm Spielplatz 2<br \/>\n49134 Wallenhorst<br \/>\nguenter.rahe@osnanet.de<\/span><\/p>\n<\/div>\n<div><\/div>\n<div>Link zum Impressum:<\/div>\n<div><a href=\"https:\/\/www.mgv-rulle.de\/wp\/?page_id=9\">https:\/\/www.mgv-rulle.de\/wp\/?page_id=9<\/a><\/div>\n<div><\/div>\n<div>\n<h3 id=\"dsg-organisation\">Erbringung unserer satzungs- und gesch\u00e4ftsgem\u00e4\u00dfen Leistungen<\/h3>\n<p><span id=\"organisation\" class=\"ts-muster-generator-wrap ts-muster-id-organisation\"><span class=\"ts-muster-content\">Wir verarbeiten die Daten unserer Mitglieder, Unterst\u00fctzer, Interessenten, Kunden oder sonstiger Personen entsprechend Art. 6 Abs. 1 lit. b. DSGVO, sofern wir ihnen gegen\u00fcber vertragliche Leistungen anbieten oder im Rahmen bestehender gesch\u00e4ftlicher Beziehung, z.B. gegen\u00fcber Mitgliedern, t\u00e4tig werden oder selbst Empf\u00e4nger von Leistungen und Zuwendungen sind. Im \u00dcbrigen verarbeiten wir die Daten betroffener Personen gem. Art. 6 Abs. 1 lit. f. DSGVO auf Grundlage unserer berechtigten Interessen, z.B. wenn es sich um administrative Aufgaben oder \u00d6ffentlichkeitsarbeit handelt.<\/span><\/span><\/p>\n<p>Die hierbei verarbeiteten Daten, die Art, der Umfang und der Zweck und die Erforderlichkeit ihrer Verarbeitung bestimmen sich nach dem zugrundeliegenden Vertragsverh\u00e4ltnis. Dazu geh\u00f6ren grunds\u00e4tzlich Bestands- und Stammdaten der Personen (z.B., Name, Adresse, etc.), als auch die Kontaktdaten (z.B., E-Mailadresse, Telefon, etc.), die Vertragsdaten (z.B., in Anspruch genommene Leistungen, mitgeteilte Inhalte und Informationen, Namen von Kontaktpersonen) und sofern wir zahlungspflichtige Leistungen oder Produkte anbieten, Zahlungsdaten (z.B., Bankverbindung, Zahlungshistorie, etc.).<\/p>\n<p>Wir l\u00f6schen Daten, die zur Erbringung unserer satzungs- und gesch\u00e4ftsm\u00e4\u00dfigen Zwecke nicht mehr erforderlich sind. Dies bestimmt sich entsprechend der jeweiligen Aufgaben und vertraglichen Beziehungen. Im Fall gesch\u00e4ftlicher Verarbeitung bewahren wir die Daten so lange auf, wie sie zur Gesch\u00e4ftsabwicklung, als auch im Hinblick auf etwaige Gew\u00e4hrleistungs- oder Haftungspflichten relevant sein k\u00f6nnen. Die Erforderlichkeit der Aufbewahrung der Daten wird alle drei Jahre \u00fcberpr\u00fcft; im \u00dcbrigen gelten die gesetzlichen Aufbewahrungspflichten.<\/p>\n<\/div>\n<div>\n<h3 id=\"dsg-hostingprovider\">Hosting<\/h3>\n<p><span id=\"hostingprovider\" class=\"ts-muster-generator-wrap ts-muster-id-hostingprovider\"><span class=\"ts-muster-content\">Die von uns in Anspruch genommenen Hosting-Leistungen dienen der Zurverf\u00fcgungstellung der folgenden Leistungen: Infrastruktur- und Plattformdienstleistungen, Rechenkapazit\u00e4t, Speicherplatz und Datenbankdienste, Sicherheitsleistungen sowie technische Wartungsleistungen, die wir zum Zwecke des Betriebs dieses Onlineangebotes einsetzen.<\/span><\/span><\/p>\n<p>Hierbei verarbeiten wir, bzw. unser Hostinganbieter Bestandsdaten, Kontaktdaten, Inhaltsdaten, Vertragsdaten, Nutzungsdaten, Meta- und Kommunikationsdaten von Kunden, Interessenten und Besuchern dieses Onlineangebotes auf Grundlage unserer berechtigten Interessen an einer effizienten und sicheren Zurverf\u00fcgungstellung dieses Onlineangebotes gem. Art. 6 Abs. 1 lit. f DSGVO i.V.m. Art. 28 DSGVO (Abschluss Auftragsverarbeitungsvertrag).<\/p>\n<\/div>\n<div>\n<h3 id=\"dsg-logfiles\">Erhebung von Zugriffsdaten und Logfiles<\/h3>\n<p><span id=\"logfiles\" class=\"ts-muster-generator-wrap ts-muster-id-logfiles\"><span class=\"ts-muster-content\">Wir, bzw. unser Hostinganbieter, erhebt auf Grundlage unserer berechtigten Interessen im Sinne des Art. 6 Abs. 1 lit. f. DSGVO Daten \u00fcber jeden Zugriff auf den Server, auf dem sich dieser Dienst befindet (sogenannte Serverlogfiles). Zu den Zugriffsdaten geh\u00f6ren Name der abgerufenen Webseite, Datei, Datum und Uhrzeit des Abrufs, \u00fcbertragene Datenmenge, Meldung \u00fcber erfolgreichen Abruf, Browsertyp nebst Version, das Betriebssystem des Nutzers, Referrer URL (die zuvor besuchte Seite), IP-Adresse und der anfragende Provider.<\/span><\/span><\/p>\n<p>Logfile-Informationen werden aus Sicherheitsgr\u00fcnden (z.B. zur Aufkl\u00e4rung von Missbrauchs- oder Betrugshandlungen) f\u00fcr die Dauer von maximal 7 Tagen gespeichert und danach gel\u00f6scht. Daten, deren weitere Aufbewahrung zu Beweiszwecken erforderlich ist, sind bis zur endg\u00fcltigen Kl\u00e4rung des jeweiligen Vorfalls von der L\u00f6schung ausgenommen.<\/p>\n<\/div>\n<div>\n<p><b>Anmeldung f\u00fcr unseren Newsletter<\/b><\/p>\n<p>Zur Zeit bieten wir keinen Newsletter an und erheben hierf\u00fcr keine Daten.<\/p>\n<\/div>\n<div>\n<h3 id=\"dsg-comments\">Kommentare und Beitr\u00e4ge<\/h3>\n<p><span id=\"comments\" class=\"ts-muster-generator-wrap ts-muster-id-comments\"><span class=\"ts-muster-content\">Wenn Nutzer Kommentare oder sonstige Beitr\u00e4ge hinterlassen, k\u00f6nnen ihre IP-Adressen auf Grundlage unserer berechtigten Interessen im Sinne des Art. 6 Abs. 1 lit. f. DSGVO f\u00fcr 7 Tage gespeichert werden. Das erfolgt zu unserer Sicherheit, falls jemand in Kommentaren und Beitr\u00e4gen widerrechtliche Inhalte hinterl\u00e4sst (Beleidigungen, verbotene politische Propaganda, etc.). In diesem Fall k\u00f6nnen wir selbst f\u00fcr den Kommentar oder Beitrag belangt werden und sind daher an der Identit\u00e4t des Verfassers interessiert.<\/span><\/span><\/p>\n<p>Des Weiteren behalten wir uns vor, auf Grundlage unserer berechtigten Interessen gem. Art. 6 Abs. 1 lit. f. DSGVO, die Angaben der Nutzer zwecks Spamerkennung zu verarbeiten.<\/p>\n<p>Die im Rahmen der Kommentare und Beitr\u00e4ge angegebenen Daten, werden von uns bis zum Widerspruch der Nutzer dauerhaft gespeichert.<\/p>\n<\/div>\n<div><\/div>\n<div><span id=\"socialmedia\" class=\"ts-muster-generator-wrap ts-muster-id-socialmedia\"><span id=\"ts-muster-controller-input-preview\" class=\"preview\"><a href=\"https:\/\/datenschutz-generator.de\/\" target=\"_blank\" rel=\"nofollow noopener\">Erstellt mit Datenschutz-Generator.de von RA Dr Thomas Schwenke<\/a><\/span><\/span><\/div>\n","protected":false},"excerpt":{"rendered":"<p>Verantwortlicher Der Vorstand \/ MGV C\u00e4cilia Rulle G\u00fcnter Rahe Am Spielplatz 2 49134 Wallenhorst guenter.rahe@osnanet.de Link zum Impressum: https:\/\/www.mgv-rulle.de\/wp\/?page_id=9 Erbringung unserer satzungs- und gesch\u00e4ftsgem\u00e4\u00dfen Leistungen Wir verarbeiten die Daten unserer Mitglieder, Unterst\u00fctzer, Interessenten, Kunden oder sonstiger Personen entsprechend Art. 6 Abs. 1 lit. b. DSGVO, sofern wir ihnen gegen\u00fcber vertragliche Leistungen anbieten oder im Rahmen [&hellip;]<\/p>\n","protected":false},"author":1,"featured_media":0,"parent":0,"menu_order":1,"comment_status":"closed","ping_status":"closed","template":"","meta":[],"_links":{"self":[{"href":"https:\/\/www.mgv-rulle.de\/wp\/index.php?rest_route=\/wp\/v2\/pages\/1392"}],"collection":[{"href":"https:\/\/www.mgv-rulle.de\/wp\/index.php?rest_route=\/wp\/v2\/pages"}],"about":[{"href":"https:\/\/www.mgv-rulle.de\/wp\/index.php?rest_route=\/wp\/v2\/types\/page"}],"author":[{"embeddable":true,"href":"https:\/\/www.mgv-rulle.de\/wp\/index.php?rest_route=\/wp\/v2\/users\/1"}],"replies":[{"embeddable":true,"href":"https:\/\/www.mgv-rulle.de\/wp\/index.php?rest_route=%2Fwp%2Fv2%2Fcomments&post=1392"}],"version-history":[{"count":4,"href":"https:\/\/www.mgv-rulle.de\/wp\/index.php?rest_route=\/wp\/v2\/pages\/1392\/revisions"}],"predecessor-version":[{"id":1438,"href":"https:\/\/www.mgv-rulle.de\/wp\/index.php?rest_route=\/wp\/v2\/pages\/1392\/revisions\/1438"}],"wp:attachment":[{"href":"https:\/\/www.mgv-rulle.de\/wp\/index.php?rest_route=%2Fwp%2Fv2%2Fmedia&parent=1392"}],"curies":[{"name":"wp","href":"https:\/\/api.w.org\/{rel}","templated":true}]}}