{"id":209,"date":"2012-07-16T13:25:08","date_gmt":"2012-07-16T12:25:08","guid":{"rendered":"http:\/\/www.mgv-rulle.de\/wp\/?page_id=209"},"modified":"2026-02-25T15:04:25","modified_gmt":"2026-02-25T14:04:25","slug":"termine","status":"publish","type":"page","link":"https:\/\/www.mgv-rulle.de\/wp\/?page_id=209","title":{"rendered":"Termine"},"content":{"rendered":"<h3><strong>Jeden Mittwoch von 19 bis 21 Uhr Chorprobe im Vereinslokal &#8222;Zum alten Kloster&#8220; Nieporte, Klosterstr. 17, Wallenhorst-Rulle<\/strong><\/h3>\n<p>&nbsp;<\/p>\n<h2><strong>Termine f\u00fcr das Jahr 2026\u00a0<\/strong><\/h2>\n<p align=\"JUSTIFY\"><strong>Sonntag, 4. Januar 10.00 Uhr<\/strong> Singen im Gemeindegottesdienst in der Ruller Kirche<\/p>\n<p align=\"JUSTIFY\"><span style=\"text-decoration: underline;\"><strong>Freitag, 6. Februar 18.00 Uhr<\/strong><\/span> Gr\u00fcnkohlessen f\u00fcr alle Mitglieder im Kolpinghaus Rulle<\/p>\n<p align=\"JUSTIFY\"><span style=\"text-decoration: underline;\"><strong>Mittwoch, 11. M\u00e4rz 19.00 Uhr<\/strong><\/span> Jahreshauptversammlung bei Nieporte<\/p>\n<p align=\"JUSTIFY\"><span style=\"font-family: Arial, serif;\"><u><b>Ostersonntag, 5. April 10.00 Uhr<\/b><\/u><\/span><span style=\"font-family: Arial, serif;\"> Mitgestaltung des Festgottesdienstes in der Ruller Kirche<\/span><\/p>\n<p align=\"JUSTIFY\"><span style=\"font-family: Arial, serif;\"><u><b>Donnerstag, 14. Mai <\/b><\/u><span style=\"text-decoration: underline;\"><strong>Himmelfahrtsausflug,<\/strong><\/span> <strong>Treff: 8.00 Uh<\/strong>r <strong>Pfarrheim Icker<\/strong> anschl. <strong>Singen<\/strong> im <strong>Gottesdienst<\/strong> <strong>um 9.15 Uhr.<\/strong> Abschluss ebenfalls in Icker<\/span><\/p>\n<p align=\"JUSTIFY\"><span style=\"font-family: Arial, serif;\"><u><b>Samstag, 30. Mai 17.00 Uhr<\/b><\/u><\/span><strong><span style=\"font-family: Arial, serif;\"> Gottesdienst im Piusgarten <\/span><\/strong><span style=\"font-family: Arial, serif;\">mit anschlie\u00dfendem Grillen bei Wellmann-Dammhus f\u00fcr alle Teilnehmer<\/span><\/p>\n<p align=\"JUSTIFY\"><span style=\"font-family: Arial, serif;\"><span style=\"text-decoration: underline;\"><strong><span style=\"font-family: Arial, serif;\">Chorferien von Mittwoch 1. Juli bis einschl. Mittwoch 15. Juli; <\/span><\/strong><\/span><\/span><\/p>\n<p align=\"JUSTIFY\"><span style=\"font-family: Arial, serif;\"><span style=\"text-decoration: underline;\"><strong><span style=\"font-family: Arial, serif;\">Am Mittwoch, den 22. Juli findet um 19.00 Uhr die 1. Gesangstunde nach den Ferien statt.<\/span><\/strong><\/span><\/span><span style=\"font-family: Arial, serif;\">\u00a0<\/span><\/p>\n<p align=\"JUSTIFY\"><span style=\"font-family: Arial, serif;\"><u><b>Freitag, 28. August 18.00 Uhr <\/b><\/u> <strong>Sommerfest<\/strong> bei Wellmann-Dammhus <\/span><span style=\"font-family: Arial, serif;\">(Anmeldung: Friedhelm Gretzmann Tel: 857457)<\/span><\/p>\n<p align=\"JUSTIFY\"><span style=\"text-decoration: underline;\"><strong>Sonntag, 15. November Stiftungsfest im Vereinslokal Nieporte (Volkstrauertag)<\/strong><\/span><\/p>\n<p align=\"JUSTIFY\"><span style=\"font-family: Arial, serif;\"><span style=\"font-size: small;\"><b>\u00c4nderungen m\u00f6glich!!<\/b><\/span><\/span><\/p>\n","protected":false},"excerpt":{"rendered":"<p>Jeden Mittwoch von 19 bis 21 Uhr Chorprobe im Vereinslokal &#8222;Zum alten Kloster&#8220; Nieporte, Klosterstr. 17, Wallenhorst-Rulle &nbsp; Termine f\u00fcr das Jahr 2026\u00a0 Sonntag, 4. Januar 10.00 Uhr Singen im Gemeindegottesdienst in der Ruller Kirche Freitag, 6. Februar 18.00 Uhr Gr\u00fcnkohlessen f\u00fcr alle Mitglieder im Kolpinghaus Rulle Mittwoch, 11. M\u00e4rz 19.00 Uhr Jahreshauptversammlung bei Nieporte [&hellip;]<\/p>\n","protected":false},"author":1,"featured_media":0,"parent":0,"menu_order":12,"comment_status":"closed","ping_status":"closed","template":"","meta":[],"_links":{"self":[{"href":"https:\/\/www.mgv-rulle.de\/wp\/index.php?rest_route=\/wp\/v2\/pages\/209"}],"collection":[{"href":"https:\/\/www.mgv-rulle.de\/wp\/index.php?rest_route=\/wp\/v2\/pages"}],"about":[{"href":"https:\/\/www.mgv-rulle.de\/wp\/index.php?rest_route=\/wp\/v2\/types\/page"}],"author":[{"embeddable":true,"href":"https:\/\/www.mgv-rulle.de\/wp\/index.php?rest_route=\/wp\/v2\/users\/1"}],"replies":[{"embeddable":true,"href":"https:\/\/www.mgv-rulle.de\/wp\/index.php?rest_route=%2Fwp%2Fv2%2Fcomments&post=209"}],"version-history":[{"count":205,"href":"https:\/\/www.mgv-rulle.de\/wp\/index.php?rest_route=\/wp\/v2\/pages\/209\/revisions"}],"predecessor-version":[{"id":2165,"href":"https:\/\/www.mgv-rulle.de\/wp\/index.php?rest_route=\/wp\/v2\/pages\/209\/revisions\/2165"}],"wp:attachment":[{"href":"https:\/\/www.mgv-rulle.de\/wp\/index.php?rest_route=%2Fwp%2Fv2%2Fmedia&parent=209"}],"curies":[{"name":"wp","href":"https:\/\/api.w.org\/{rel}","templated":true}]}}