{"id":9,"date":"2012-07-11T16:00:33","date_gmt":"2012-07-11T15:00:33","guid":{"rendered":"http:\/\/www.mgv-rulle.de\/wp\/?page_id=9"},"modified":"2020-09-19T19:00:35","modified_gmt":"2020-09-19T18:00:35","slug":"impressum-2","status":"publish","type":"page","link":"https:\/\/www.mgv-rulle.de\/wp\/?page_id=9","title":{"rendered":"Impressum"},"content":{"rendered":"<p><strong>Impressum<\/strong><\/p>\n<p>&nbsp;<\/p>\n<p><strong>Copyright:<\/strong><br \/>\nS\u00e4mtliche Inhalte, Texte und Grafiken dieser Website d\u00fcrfen ohne ausdr\u00fcckliche Genehmigung weder kopiert, noch in einer anderen Weise verwendet werden.<\/p>\n<p>&nbsp;<\/p>\n<p><strong>Entworfen von:<\/strong><\/p>\n<p><img loading=\"lazy\" class=\"alignnone size-full wp-image-10\" title=\"logovennemann\" src=\"http:\/\/www.mgv-rulle.de\/wp\/wp-content\/uploads\/2012\/07\/logovennemann.jpg\" alt=\"\" width=\"190\" height=\"37\" \/><\/p>\n<p>Detlev Vennemann<br \/>\nJahnstr. 10<br \/>\n49134 Wallenhorst-Rulle<\/p>\n<p>Telefon: 05407 \/ 6783<\/p>\n<p>&nbsp;<\/p>\n<p><strong>Verantwortlicher f\u00fcr den Inhalt:<\/strong><\/p>\n<p>G\u00fcnter Rahe<\/p>\n<p>Am Spielplatz 2<\/p>\n<p>49134 Wallenhorst-Rulle<\/p>\n<p align=\"left\">Tel.:05407\/81112<\/p>\n<p align=\"left\"><a href=\"mailto:guenter.rahe@osnanet.de\">guenter.rahe@osnanet.de<\/a><\/p>\n<p><strong>Haftungsausschluss:<\/strong><br \/>\n1. Die Bilder, Texte und\/oder graphischen Gestaltungen auf der Website sind urheberrechtlich gesch\u00fctzt. Das Copyright f\u00fcr ver\u00f6ffentlichte, selbst erstellte Objekte bleibt allein bei der MGV &#8222;C\u00e4cilia&#8220; Rulle. Kein Teil des Inhalts dieser Website, das gilt insbesondere f\u00fcr Grafiken, Tondokumente, Videosequenzen und Texte, darf ohne schriftliche Genehmigung der MGV &#8222;C\u00e4cilia&#8220; Rulle in anderen elektronischen oder gedruckten Publikationen vervielf\u00e4ltigt oder verwendet werden.<\/p>\n<p>2. MGV &#8222;C\u00e4cilia&#8220; Rulle \u00fcbernimmt keinerlei Gew\u00e4hr f\u00fcr die Aktualit\u00e4t, Korrektheit, Vollst\u00e4ndigkeit oder Qualit\u00e4t der bereitgestellten Informationen. Haftungsanspr\u00fcche gegen sie, welche sich auf Sch\u00e4den materieller oder ideeller Art beziehen, die durch die Nutzung oder Nichtnutzung der dargebotenen Informationen bzw. durch die Nutzung fehlerhafter und unvollst\u00e4ndiger Informationen verursacht wurden, sind grunds\u00e4tzlich ausgeschlossen, sofern seitens MGV &#8222;C\u00e4cilia&#8220; Rulle nachweislich kein vors\u00e4tzliches Verschulden vorliegt.<\/p>\n<p>3. MGV &#8222;C\u00e4cilia&#8220; Rulle haftet bei direkten oder indirekten Verweisen auf fremde Internetseiten (&#8222;Links&#8220;), die au\u00dferhalb ihres Verantwortungsbereiches liegen, nicht f\u00fcr deren Inhalte. F\u00fcr illegale, fehlerhafte oder unvollst\u00e4ndige Inhalte und insbesondere f\u00fcr Sch\u00e4den, die aus der Nutzung oder Nichtnutzung solcher Art dargebotener Informationen entstehen, haftet allein der Anbieter der Seite, auf welche verwiesen wurde. MGV &#8222;C\u00e4cilia&#8220; Rulle erkl\u00e4rt hiermit ausdr\u00fccklich, dass zum Zeitpunkt der Linksetzung die entsprechenden verlinkten Seiten ihrer Kenntnis nach frei von illegalen Inhalten waren. Auf die aktuelle oder zuk\u00fcnftige Gestaltung, die Inhalte oder Urheberschaft der verlinkten\/verkn\u00fcpften Seiten hat MGV &#8222;C\u00e4cilia&#8220; Rulle keinerlei Einfluss. Deshalb distanziert sie sich hiermit ausdr\u00fccklich von allen Inhalten der verlinkten\/ verkn\u00fcpften Seiten, die nach der Linksetzung ver\u00e4ndert wurden. Diese Feststellung gilt f\u00fcr alle innerhalb des eigenen Internetangebotes gesetzten Links und Verweise sowie f\u00fcr Fremdeintr\u00e4ge in den von MGV &#8222;C\u00e4cilia&#8220; Rulle eingerichteten G\u00e4steb\u00fcchern, Diskussionsforen und Mailinglisten.<\/p>\n<p>4. Sofern Teile oder einzelne Formulierungen dieses Textes der geltenden Rechtslage nicht, nicht mehr oder nicht vollst\u00e4ndig entsprechen sollten, bleiben die \u00fcbrigen Teile des Dokumentes in ihrem Inhalt und ihrer G\u00fcltigkeit davon unber\u00fchrt.<\/p>\n<p><strong>Quellennachweis:<br \/>\nDie Ruller Bilder Ortstafeln, St. Johannes, Nettetal, Br\u00fccke \u00fcber die Nette, Ruller Kloster, S\u00e4gem\u00fchle im Nettetal , Altes Dorf und\u00a0 Knollmeyers M\u00fchle entstammen der\u00a0 privaten Fotosammlung von Alfons Besselmann, 49134 Wallenhorst-Rulle.<\/strong><\/p>\n","protected":false},"excerpt":{"rendered":"<p>Impressum &nbsp; Copyright: S\u00e4mtliche Inhalte, Texte und Grafiken dieser Website d\u00fcrfen ohne ausdr\u00fcckliche Genehmigung weder kopiert, noch in einer anderen Weise verwendet werden. &nbsp; Entworfen von: Detlev Vennemann Jahnstr. 10 49134 Wallenhorst-Rulle Telefon: 05407 \/ 6783 &nbsp; Verantwortlicher f\u00fcr den Inhalt: G\u00fcnter Rahe Am Spielplatz 2 49134 Wallenhorst-Rulle Tel.:05407\/81112 guenter.rahe@osnanet.de Haftungsausschluss: 1. Die Bilder, Texte [&hellip;]<\/p>\n","protected":false},"author":1,"featured_media":0,"parent":0,"menu_order":16,"comment_status":"closed","ping_status":"closed","template":"","meta":[],"_links":{"self":[{"href":"https:\/\/www.mgv-rulle.de\/wp\/index.php?rest_route=\/wp\/v2\/pages\/9"}],"collection":[{"href":"https:\/\/www.mgv-rulle.de\/wp\/index.php?rest_route=\/wp\/v2\/pages"}],"about":[{"href":"https:\/\/www.mgv-rulle.de\/wp\/index.php?rest_route=\/wp\/v2\/types\/page"}],"author":[{"embeddable":true,"href":"https:\/\/www.mgv-rulle.de\/wp\/index.php?rest_route=\/wp\/v2\/users\/1"}],"replies":[{"embeddable":true,"href":"https:\/\/www.mgv-rulle.de\/wp\/index.php?rest_route=%2Fwp%2Fv2%2Fcomments&post=9"}],"version-history":[{"count":7,"href":"https:\/\/www.mgv-rulle.de\/wp\/index.php?rest_route=\/wp\/v2\/pages\/9\/revisions"}],"predecessor-version":[{"id":1770,"href":"https:\/\/www.mgv-rulle.de\/wp\/index.php?rest_route=\/wp\/v2\/pages\/9\/revisions\/1770"}],"wp:attachment":[{"href":"https:\/\/www.mgv-rulle.de\/wp\/index.php?rest_route=%2Fwp%2Fv2%2Fmedia&parent=9"}],"curies":[{"name":"wp","href":"https:\/\/api.w.org\/{rel}","templated":true}]}}